{"id":1747,"date":"2021-10-01T18:16:50","date_gmt":"2021-10-01T16:16:50","guid":{"rendered":"https:\/\/www.delpin.pro\/?page_id=1747"},"modified":"2021-10-01T18:16:50","modified_gmt":"2021-10-01T16:16:50","slug":"sportello-maternita-sos-mamma","status":"publish","type":"page","link":"https:\/\/www.delpin.pro\/index.php\/sportello-maternita-sos-mamma\/","title":{"rendered":"Sportello maternit\u00e0 S.O.S. MAMMA"},"content":{"rendered":"\n<figure class=\"wp-block-image size-large\"><img loading=\"lazy\" decoding=\"async\" width=\"1024\" height=\"576\" src=\"https:\/\/www.delpin.pro\/wp-content\/uploads\/2021\/10\/SPORTELLO-MAMMA-1024x576.png\" alt=\"Sportello maternit\u00e0\" class=\"wp-image-1748\" srcset=\"https:\/\/www.delpin.pro\/wp-content\/uploads\/2021\/10\/SPORTELLO-MAMMA-1024x576.png 1024w, https:\/\/www.delpin.pro\/wp-content\/uploads\/2021\/10\/SPORTELLO-MAMMA-300x169.png 300w, https:\/\/www.delpin.pro\/wp-content\/uploads\/2021\/10\/SPORTELLO-MAMMA-768x432.png 768w, https:\/\/www.delpin.pro\/wp-content\/uploads\/2021\/10\/SPORTELLO-MAMMA-1536x864.png 1536w, https:\/\/www.delpin.pro\/wp-content\/uploads\/2021\/10\/SPORTELLO-MAMMA.png 1920w\" sizes=\"auto, (max-width: 767px) 89vw, (max-width: 1000px) 54vw, (max-width: 1071px) 543px, 580px\" \/><figcaption>Servizio sportello maternit\u00e0<\/figcaption><\/figure>\n\n\n\n<p>Perch\u00e9 ho deciso di offrire come servizio uno sportello maternit\u00e0?<\/p>\n\n\n\n<p>L&#8217;arrivo di un figlio spesso crea una catena di cambiamenti fisici, emotivi, relazionali, organizzativi a cui a volte pu\u00f2 essere difficile adattarsi in tempi rapidi. Questo compromette il benessere psicologico della madre, mettendo a rischio anche il rapporto di coppia e l&#8217;instaurarsi di una relazione di cura equilibrata nei confronti del bambino.<\/p>\n\n\n\n<p>A volte il disagio \u00e8 percepibile gi\u00e0 dalla gravidanza, a volte nell&#8217;immediato post partum, altre volte lo si realizza nei mesi immediatamente successivi alla nascita. E capita che al disagio si sommi il senso di colpa per sentirsi cos\u00ec male, nonostante tutto sommato all&#8217;apparenza stia andando &#8220;bene&#8221;.<\/p>\n\n\n\n<p>I consigli di amici e parenti spesso non bastano.<\/p>\n\n\n\n<p>In alcuni casi sembra che venga meno anche il supporto del partner e ci si sente terribilmente sole.<\/p>\n\n\n\n<p>Lo sportello maternit\u00e0 \u00e8 un utile strumento che permette alle mamme in crisi di ricevere un aiuto di qualit\u00e0 professionale in modo tempestivo.<\/p>\n\n\n\n<p><strong>Garantisce infatti un accesso in tempi rapidi (entro 3 giorni lavorativi) al primo colloquio (in presenza o online) con un medico psicoterapeuta esperto in perinatalit\u00e0 che potr\u00e0 fornire non solo un ascolto qualificato, accogliente e non giudicante, ma anche un intervento con obiettivi e metodi personalizzati sulle esigenze della singola mamma.<\/strong><\/p>\n\n\n\n<p>Non perdere ulteriore tempo prezioso, che pu\u00f2 essere impiegato nel riportare equilibrio e serenit\u00e0 nella tua vita e nella tua famiglia.<\/p>\n\n\n\n<p><strong><span class=\"has-inline-color has-black-color\">Richiedi subito il primo colloquio!<\/span><\/strong><\/p>\n\n\n<div class=\"wpforms-container wpforms-container-full\" id=\"wpforms-816\"><form id=\"wpforms-form-816\" class=\"wpforms-validate wpforms-form\" data-formid=\"816\" method=\"post\" enctype=\"multipart\/form-data\" action=\"\/index.php\/wp-json\/wp\/v2\/pages\/1747\" data-token=\"c3d3188f6709a5d3524fa1967f7f9aa4\"><noscript class=\"wpforms-error-noscript\">Abilita JavaScript nel browser per completare questo modulo.<\/noscript><div class=\"wpforms-field-container\"><div id=\"wpforms-816-field_3-container\" class=\"wpforms-field wpforms-field-name\" data-field-id=\"3\"><label class=\"wpforms-field-label\" for=\"wpforms-816-field_3\">Nome <span class=\"wpforms-required-label\">*<\/span><\/label><input type=\"text\" id=\"wpforms-816-field_3\" class=\"wpforms-field-medium wpforms-field-required\" name=\"wpforms[fields][3]\" required><\/div><div id=\"wpforms-816-field_1-container\" class=\"wpforms-field wpforms-field-email\" data-field-id=\"1\"><label class=\"wpforms-field-label\" for=\"wpforms-816-field_1\">Email <span class=\"wpforms-required-label\">*<\/span><\/label><input type=\"email\" id=\"wpforms-816-field_1\" class=\"wpforms-field-medium wpforms-field-required\" name=\"wpforms[fields][1]\" spellcheck=\"false\" required><\/div><div id=\"wpforms-816-field_2-container\" class=\"wpforms-field wpforms-field-textarea\" data-field-id=\"2\"><label class=\"wpforms-field-label\" for=\"wpforms-816-field_2\">Messaggio <span class=\"wpforms-required-label\">*<\/span><\/label><textarea id=\"wpforms-816-field_2\" class=\"wpforms-field-medium wpforms-field-required\" name=\"wpforms[fields][2]\" required><\/textarea><\/div><div id=\"wpforms-816-field_5-container\" class=\"wpforms-field wpforms-field-checkbox\" data-field-id=\"5\"><label class=\"wpforms-field-label wpforms-label-hide\" for=\"wpforms-816-field_5\">Caselle di Spunta <span class=\"wpforms-required-label\">*<\/span><\/label><ul id=\"wpforms-816-field_5\" class=\"wpforms-field-required\"><li class=\"choice-1 depth-1\"><input type=\"checkbox\" id=\"wpforms-816-field_5_1\" name=\"wpforms[fields][5][]\" value=\"Autorizzo al trattamento dei dati (leggi la Privacy Policy sottostante)\" required ><label class=\"wpforms-field-label-inline\" for=\"wpforms-816-field_5_1\">Autorizzo al trattamento dei dati (leggi la Privacy Policy sottostante) <span class=\"wpforms-required-label\">*<\/span><\/label><\/li><\/ul><div class=\"wpforms-field-description wpforms-disclaimer-description\">Chi siamo.<br \/>\r\n<br \/>\r\nL'indirizzo del nostro sito web \u00e8: http:\/\/www.delpin.pro.<br \/>\r\n<br \/>\r\nQuali dati personali raccogliamo e perch\u00e9 li raccogliamo:<br \/>\r\n<br \/>\r\n-Commenti-<br \/>\r\n<br \/>\r\nQuando i visitatori lasciano commenti sul sito, raccogliamo i dati mostrati nel modulo dei commenti oltre all'indirizzo IP del visitatore e la stringa dello user agent del browser per facilitare il rilevamento dello spam.<br \/>\r\n<br \/>\r\nUna stringa anonimizzata creata a partire dal tuo indirizzo email (altrimenti detta hash) pu\u00f2 essere fornita al servizio Gravatar per vedere se lo stai usando. La privacy policy del servizio Gravatar \u00e8 disponibile qui: https:\/\/automattic.com\/privacy\/. Dopo l'approvazione del tuo commento, la tua immagine del profilo \u00e8 visibile al pubblico nel contesto del tuo commento.<br \/>\r\n<br \/>\r\n-Media-<br \/>\r\n<br \/>\r\nSe carichi immagini sul sito web, dovresti evitare di caricare immagini che includono i dati di posizione incorporati (EXIF GPS). I visitatori del sito web possono scaricare ed estrarre qualsiasi dato sulla posizione dalle immagini sul sito web.<br \/>\r\n<br \/>\r\n-Modulo di contatto-<br \/>\r\n<br \/>\r\nCookie.<br \/>\r\n<br \/>\r\nSe lasci un commento sul nostro sito, puoi scegliere di salvare il tuo nome, indirizzo email e sito web nei cookie. Sono usati per la tua comodit\u00e0 in modo che tu non debba inserire nuovamente i tuoi dati quando lasci un altro commento. Questi cookie dureranno per un anno.<br \/>\r\n<br \/>\r\nSe hai un account e accedi a questo sito, verr\u00e0 impostato un cookie temporaneo per determinare se il tuo browser accetta i cookie. Questo cookie non contiene dati personali e viene eliminato quando chiudi il browser.<br \/>\r\n<br \/>\r\nQuando effettui l'accesso, verranno impostati diversi cookie per salvare le tue informazioni di accesso e le tue opzioni di visualizzazione dello schermo. I cookie di accesso durano due giorni mentre i cookie per le opzioni dello schermo durano un anno. Se selezioni \"Ricordami\", il tuo accesso persister\u00e0 per due settimane. Se esci dal tuo account, i cookie di accesso verranno rimossi.<br \/>\r\n<br \/>\r\nSe modifichi o pubblichi un articolo, un cookie aggiuntivo verr\u00e0 salvato nel tuo browser. Questo cookie non include dati personali, ma indica semplicemente l'ID dell'articolo appena modificato. Scade dopo 1 giorno.<br \/>\r\n<br \/>\r\n-Contenuto incorporato da altri siti web-<br \/>\r\n<br \/>\r\nGli articoli su questo sito possono includere contenuti incorporati (ad esempio video, immagini, articoli, ecc.). I contenuti incorporati da altri siti web si comportano esattamente allo stesso modo come se il visitatore avesse visitato l'altro sito web.<br \/>\r\n<br \/>\r\nQuesti siti web possono raccogliere dati su di te, usare cookie, integrare ulteriori tracciamenti di terze parti e monitorare l'interazione con essi, incluso il tracciamento della tua interazione con il contenuto incorporato se hai un account e sei connesso a quei siti web.<br \/>\r\n<br \/>\r\n<br \/>\r\n<br \/>\r\n-Analytics-<br \/>\r\n<br \/>\r\nPer quanto tempo conserviamo i tuoi dati.<br \/>\r\n<br \/>\r\nSe lasci un commento, il commento e i relativi metadati vengono conservati a tempo indeterminato. \u00c8 cos\u00ec che possiamo riconoscere e approvare automaticamente eventuali commenti successivi invece di tenerli in una coda di moderazione.<br \/>\r\n<br \/>\r\nPer gli utenti che si registrano sul nostro sito web (se presenti), memorizziamo anche le informazioni personali che forniscono nel loro profilo utente. Tutti gli utenti possono vedere, modificare o cancellare le loro informazioni personali in qualsiasi momento (eccetto il loro nome utente che non possono cambiare). Gli amministratori del sito web possono anche vedere e modificare queste informazioni.<br \/>\r\n<br \/>\r\n-Quali diritti hai sui tuoi dati-<br \/>\r\n<br \/>\r\nSe hai un account su questo sito, o hai lasciato commenti, puoi richiedere di ricevere un file esportato dal sito con i dati personali che abbiamo su di te, compresi i dati che ci hai fornito. Puoi anche richiedere che cancelliamo tutti i dati personali che ti riguardano. Questo non include i dati che siamo obbligati a conservare per scopi amministrativi, legali o di sicurezza.<br \/>\r\n<br \/>\r\n-Dove spediamo i tuoi dati-<br \/>\r\n<br \/>\r\nI commenti dei visitatori possono essere controllati attraverso un servizio di rilevamento automatico dello spam.<br \/>\r\n<br \/>\r\n-Informazioni di contatto-<br \/>\r\n<br \/>\r\nPer problemi riguardanti la privacy scrivere a anna@delpin.pro.<br \/>\r\n<\/div><\/div><\/div><!-- .wpforms-field-container --><div class=\"wpforms-field wpforms-field-hp\"><label for=\"wpforms-816-field-hp\" class=\"wpforms-field-label\">Message<\/label><input type=\"text\" name=\"wpforms[hp]\" id=\"wpforms-816-field-hp\" class=\"wpforms-field-medium\"><\/div><div class=\"wpforms-recaptcha-container wpforms-is-recaptcha\" ><div class=\"g-recaptcha\" data-sitekey=\"6LcGDqMZAAAAABWBt9tOrsy_FMFabrSoQooU28rg\" data-size=\"invisible\"><\/div><\/div><div class=\"wpforms-submit-container\" ><input type=\"hidden\" name=\"wpforms[id]\" value=\"816\"><input type=\"hidden\" name=\"wpforms[author]\" value=\"1\"><button type=\"submit\" name=\"wpforms[submit]\" id=\"wpforms-submit-816\" class=\"wpforms-submit\" data-alt-text=\"Invio in corso...\" data-submit-text=\"Invia\" aria-live=\"assertive\" value=\"wpforms-submit\">Invia<\/button><\/div><\/form><\/div>  <!-- .wpforms-container -->\n\n\n\n<p><a href=\"http:\/\/www.delpin.pro\/index.php\/privacy-policy\/\"><strong>Privacy Policy<\/strong><\/a><\/p>\n\n\n\n<p class=\"has-background\" style=\"background-color:#eeeff0\">Per conoscermi, <a href=\"https:\/\/www.delpin.pro\/index.php\/chi-sono\/\" target=\"_blank\" rel=\"noreferrer noopener\">leggi qui<\/a>.<\/p>\n\n\n\n<p class=\"has-background\" style=\"background-color:#eeeff0\">Per scoprire tante risorse utili sulla maternit\u00e0, consulta lo <a href=\"https:\/\/www.delpin.pro\/index.php\/speciale-maternita\/\" target=\"_blank\" rel=\"noreferrer noopener\">Speciale Maternit\u00e0<\/a> e seguimi sulle mie pagine social <a href=\"https:\/\/www.facebook.com\/dott.ssaAnnaDelpin\" target=\"_blank\" rel=\"noreferrer noopener\">Facebook<\/a>, <a href=\"https:\/\/www.instagram.com\/dr_anna_delpin\/\" target=\"_blank\" rel=\"noreferrer noopener\">Instagram<\/a> e <a href=\"https:\/\/www.linkedin.com\/in\/anna-delpin-51a5a3175\/\" target=\"_blank\" rel=\"noreferrer noopener\">LinkedIn<\/a>.<\/p>\n","protected":false},"excerpt":{"rendered":"<p>Perch\u00e9 ho deciso di offrire come servizio uno sportello maternit\u00e0? L&#8217;arrivo di un figlio spesso crea una catena di cambiamenti fisici, emotivi, relazionali, organizzativi a cui a volte pu\u00f2 essere difficile adattarsi in tempi rapidi. Questo compromette il benessere psicologico della madre, mettendo a rischio anche il rapporto di coppia e l&#8217;instaurarsi di una relazione &hellip; <\/p>\n<p class=\"link-more\"><a href=\"https:\/\/www.delpin.pro\/index.php\/sportello-maternita-sos-mamma\/\" class=\"more-link\">Leggi tutto<span class=\"screen-reader-text\"> &#8220;Sportello maternit\u00e0 S.O.S. MAMMA&#8221;<\/span><\/a><\/p>\n","protected":false},"author":1,"featured_media":0,"parent":0,"menu_order":0,"comment_status":"closed","ping_status":"closed","template":"","meta":{"_monsterinsights_skip_tracking":false,"_monsterinsights_sitenote_active":false,"_monsterinsights_sitenote_note":"","_monsterinsights_sitenote_category":0,"footnotes":""},"class_list":["post-1747","page","type-page","status-publish","hentry"],"_links":{"self":[{"href":"https:\/\/www.delpin.pro\/index.php\/wp-json\/wp\/v2\/pages\/1747","targetHints":{"allow":["GET"]}}],"collection":[{"href":"https:\/\/www.delpin.pro\/index.php\/wp-json\/wp\/v2\/pages"}],"about":[{"href":"https:\/\/www.delpin.pro\/index.php\/wp-json\/wp\/v2\/types\/page"}],"author":[{"embeddable":true,"href":"https:\/\/www.delpin.pro\/index.php\/wp-json\/wp\/v2\/users\/1"}],"replies":[{"embeddable":true,"href":"https:\/\/www.delpin.pro\/index.php\/wp-json\/wp\/v2\/comments?post=1747"}],"version-history":[{"count":2,"href":"https:\/\/www.delpin.pro\/index.php\/wp-json\/wp\/v2\/pages\/1747\/revisions"}],"predecessor-version":[{"id":1750,"href":"https:\/\/www.delpin.pro\/index.php\/wp-json\/wp\/v2\/pages\/1747\/revisions\/1750"}],"wp:attachment":[{"href":"https:\/\/www.delpin.pro\/index.php\/wp-json\/wp\/v2\/media?parent=1747"}],"curies":[{"name":"wp","href":"https:\/\/api.w.org\/{rel}","templated":true}]}}