{"id":1965,"date":"2023-03-30T16:23:41","date_gmt":"2023-03-30T14:23:41","guid":{"rendered":"https:\/\/www.delpin.pro\/?page_id=1965"},"modified":"2023-04-07T20:32:14","modified_gmt":"2023-04-07T18:32:14","slug":"training-ipnotico-al-parto-iscrizione-audio-percorso","status":"publish","type":"page","link":"https:\/\/www.delpin.pro\/index.php\/training-ipnotico-al-parto-iscrizione-audio-percorso\/","title":{"rendered":"AudioPercorso del Training Ipnotico al Parto"},"content":{"rendered":"\n<h2 class=\"wp-block-heading\">Cos&#8217;\u00e8 l&#8217;AudioPercorso del Training Ipnotico al Parto<\/h2>\n\n\n\n<p>L&#8217;AudioPercorso del Training Ipnotico al Parto \u00e8 un percorso di 5 sedute pre-registrate, preceduto da un incontro preliminare online con la dott.ssa Delpin, che ti accompagneranno dalla 30^ settimana di gravidanza e ti insegneranno ad usare lo stato di trance ipnotica per allenarti al travaglio di parto.<\/p>\n\n\n\n<h3 class=\"wp-block-heading\">Obiettivi<\/h3>\n\n\n\n<p>Grazie all&#8217;AudioPercorso del Training Ipnotico al Parto potrai:<\/p>\n\n\n\n<ul class=\"wp-block-list\">\n<li>gestire il dolore delle contrazioni<\/li>\n\n\n\n<li>gestire l&#8217;ansia di partorire<\/li>\n\n\n\n<li>prevenire il disturbo da stress post traumatico da parto<\/li>\n\n\n\n<li>abbassare il rischio di parto traumatico<\/li>\n\n\n\n<li>prevenire la depressione post partum.<\/li>\n<\/ul>\n\n\n\n<h3 class=\"wp-block-heading\">Perch\u00e9 c&#8217;\u00e8 un incontro preliminare?<\/h3>\n\n\n\n<p>La seduta preliminare \u00e8 un incontro di consulenza in cui verranno fornite delle spiegazioni ulteriori e in cui eventuali dubbi o domande della donna incinta potranno trovare risposta. \u00c8 un passaggio importante affinch\u00e9 l&#8217;AudioPercorso sia ancora pi\u00f9 efficace.<\/p>\n\n\n\n<h2 class=\"wp-block-heading\">ISCRIZIONE<\/h2>\n\n\n\n<p>L&#8217;iscrizione prevede tre step: compila il consenso informato, effettua il pagamento e richiedi l&#8217;appuntamento per la seduta preliminare. Dopo la seduta potrai accedere all&#8217;AudioPercorso vero e proprio!<\/p>\n\n\n\n<figure class=\"wp-block-image size-full\"><img loading=\"lazy\" decoding=\"async\" width=\"800\" height=\"400\" src=\"https:\/\/www.delpin.pro\/wp-content\/uploads\/2023\/04\/PROCESSO-ISCRIZIONE-TIAP-AUTO-800-\u00d7-400-px-1.png\" alt=\"\" class=\"wp-image-2094\" srcset=\"https:\/\/www.delpin.pro\/wp-content\/uploads\/2023\/04\/PROCESSO-ISCRIZIONE-TIAP-AUTO-800-\u00d7-400-px-1.png 800w, https:\/\/www.delpin.pro\/wp-content\/uploads\/2023\/04\/PROCESSO-ISCRIZIONE-TIAP-AUTO-800-\u00d7-400-px-1-300x150.png 300w, https:\/\/www.delpin.pro\/wp-content\/uploads\/2023\/04\/PROCESSO-ISCRIZIONE-TIAP-AUTO-800-\u00d7-400-px-1-768x384.png 768w\" sizes=\"auto, (max-width: 767px) 89vw, (max-width: 1000px) 54vw, (max-width: 1071px) 543px, 580px\" \/><\/figure>\n\n\n\n<p>Per iniziare il processo di iscrizione all&#8217;AudioPercorso del Training Ipnotico al Parto, clicca su <a href=\"https:\/\/www.delpin.pro\/index.php\/consenso-informato-al-training-ipnotico-al-parto-in-modalita-audio-percorso\/\">INIZIA<\/a>.<\/p>\n\n\n\n<div class=\"wp-block-buttons is-layout-flex wp-block-buttons-is-layout-flex\">\n<div class=\"wp-block-button is-style-fill\"><a class=\"wp-block-button__link has-vivid-cyan-blue-background-color has-background wp-element-button\" href=\"https:\/\/www.delpin.pro\/index.php\/consenso-informato-al-training-ipnotico-al-parto-in-modalita-audio-percorso\/\">INIZIA<\/a><\/div>\n<\/div>\n","protected":false},"excerpt":{"rendered":"<p>Cos&#8217;\u00e8 l&#8217;AudioPercorso del Training Ipnotico al Parto L&#8217;AudioPercorso del Training Ipnotico al Parto \u00e8 un percorso di 5 sedute pre-registrate, preceduto da un incontro preliminare online con la dott.ssa Delpin, che ti accompagneranno dalla 30^ settimana di gravidanza e ti insegneranno ad usare lo stato di trance ipnotica per allenarti al travaglio di parto. Obiettivi &hellip; <\/p>\n<p class=\"link-more\"><a href=\"https:\/\/www.delpin.pro\/index.php\/training-ipnotico-al-parto-iscrizione-audio-percorso\/\" class=\"more-link\">Leggi tutto<span class=\"screen-reader-text\"> &#8220;AudioPercorso del Training Ipnotico al Parto&#8221;<\/span><\/a><\/p>\n","protected":false},"author":1,"featured_media":0,"parent":0,"menu_order":0,"comment_status":"closed","ping_status":"closed","template":"","meta":{"_monsterinsights_skip_tracking":false,"_monsterinsights_sitenote_active":false,"_monsterinsights_sitenote_note":"","_monsterinsights_sitenote_category":0,"footnotes":""},"class_list":["post-1965","page","type-page","status-publish","hentry"],"_links":{"self":[{"href":"https:\/\/www.delpin.pro\/index.php\/wp-json\/wp\/v2\/pages\/1965","targetHints":{"allow":["GET"]}}],"collection":[{"href":"https:\/\/www.delpin.pro\/index.php\/wp-json\/wp\/v2\/pages"}],"about":[{"href":"https:\/\/www.delpin.pro\/index.php\/wp-json\/wp\/v2\/types\/page"}],"author":[{"embeddable":true,"href":"https:\/\/www.delpin.pro\/index.php\/wp-json\/wp\/v2\/users\/1"}],"replies":[{"embeddable":true,"href":"https:\/\/www.delpin.pro\/index.php\/wp-json\/wp\/v2\/comments?post=1965"}],"version-history":[{"count":5,"href":"https:\/\/www.delpin.pro\/index.php\/wp-json\/wp\/v2\/pages\/1965\/revisions"}],"predecessor-version":[{"id":2102,"href":"https:\/\/www.delpin.pro\/index.php\/wp-json\/wp\/v2\/pages\/1965\/revisions\/2102"}],"wp:attachment":[{"href":"https:\/\/www.delpin.pro\/index.php\/wp-json\/wp\/v2\/media?parent=1965"}],"curies":[{"name":"wp","href":"https:\/\/api.w.org\/{rel}","templated":true}]}}