{"id":54,"date":"2018-10-19T22:51:13","date_gmt":"2018-10-19T20:51:13","guid":{"rendered":"http:\/\/www.delpin.pro\/?page_id=54"},"modified":"2020-11-11T13:34:11","modified_gmt":"2020-11-11T12:34:11","slug":"trattamento-psicoterapeutico-personalizzato","status":"publish","type":"page","link":"https:\/\/www.delpin.pro\/index.php\/cosa-posso-fare-per-te\/trattamento-psicoterapeutico-personalizzato\/","title":{"rendered":"Trattamento psicoterapeutico personalizzato"},"content":{"rendered":"<blockquote>\n<p style=\"text-align: center;\"><strong><em><span class=\"whole-read-more\" data-can-replace-url=\"phrase\" data-url-param-0=\"donald-woods-winnico-la-psicoterapia-ha-luogo-la-d\" data-query=\"utm_source=internal&amp;utm_medium=link&amp;utm_campaign=phrase_snippet_wholetext\">&#8220;La psicoterapia ha luogo l\u00e0 dove si sovrappongono due aree di gioco, quella del paziente e quella del terapeuta. La psicoterapia ha a che fare con due persone che giocano insieme.\u201d<\/span> <\/em><\/strong><br \/>\n<span class=\"quote-footer\"><cite>DONALD WOODS WINNICOTT<\/cite><\/span><\/p>\n<\/blockquote>\n<p><!--more--><\/p>\n<h1>A chi si rivolge la psicoterapia e a cosa serve?<\/h1>\n<p>C&#8217;\u00e8 purtroppo un luogo comune da sfatare sulla psicoterapia: che ne hanno bisogno i &#8220;pazzi&#8221;.<\/p>\n<p>Al di l\u00e0 del termine &#8220;pazzo&#8221;, che ha assunto purtroppo un&#8217;accezione negativa discutibile, lasciatemi dire: No. Non \u00e8 cos\u00ec.<\/p>\n<p>Chiunque pu\u00f2 ritrovarsi nelle condizioni di beneficiare enormemente da un trattamento psicoterapeutico. Andando diritti al sodo, vorrei specificare che <strong>la psicoterapia si rivolge a tutte quelle persone che si trovano in uno stato di sofferenza psichica<\/strong>. Questa sofferenza pu\u00f2 manifestarsi sotto varie forme: pu\u00f2 presentarsi come un malessere generalizzato e difficile da definire, oppure pu\u00f2 assumere l&#8217;aspetto di un problema<\/p>\n<ul>\n<li>psichiatrico (ansia, attacchi di panico, disturbi dell&#8217;umore, disturbo alimentare, dipendenze patologiche, disturbo ossessivo compulsivo, fobie&#8230;);<\/li>\n<li>psicosomatico (patologie funzionali dello stomaco o del colon, acufeni, iperidrosi, disturbi cutanei &#8230;);<\/li>\n<li>di controllo delle emozioni (rabbia, vergogna, senso di colpa, &#8230; )<\/li>\n<li>del sonno (insonnia, ipersonnia);<\/li>\n<li>relazionale (di coppia, familiare, lavorativo);<\/li>\n<li>dell&#8217;apprendimento o della condotta, insorto improvvisamente in bambini e ragazzi;<\/li>\n<li>lavorativo (ad esempio burnout);<\/li>\n<li>derivante da un trauma (disturbo da stress post-traumatico);<\/li>\n<li>della sfera sessuale (vaginismo, disfunzione erettile, calo della libido, &#8230;).<\/li>\n<\/ul>\n<p>In tutti questi casi la psicoterapia \u00e8 un&#8217;utile strumento per migliorare la propria situazione. Se infatti ti sembra di essere in un momento di crisi per uno dei motivi che ho elencato qui sopra, sappi che la parola &#8220;crisi&#8221; non ha solo un senso negativo di turbamento di un equilibrio, ma significa &#8220;decisione, scelta&#8221;. <strong>Una crisi contiene in s\u00e9 stessa il concetto di cambiamento<\/strong>: \u00e8 quindi anche un&#8217;opportunit\u00e0 che, se colta, ci permette di evolvere nella nostra storia personale.<\/p>\n<p><strong>Mi piace vedere la psicoterapia come un agente che facilita questa evoluzione<\/strong>, che la catalizza.<\/p>\n<h1>Come si svolge la psicoterapia?<\/h1>\n<p>In genere la psicoterapia si svolge sotto forma di colloquio fra il paziente ed il terapeuta. Ha una durata di 45-60 minuti. La prima seduta (a volte le prime sedute) \u00e8 di tipo conoscitivo, e serve al terapeuta ad orientarsi, ad informare il paziente (a cui verr\u00e0 consegnato un consenso informato in forma cartacea), ad inquadrare con il paziente stesso il problema e gli obiettivi da raggiungere e a formulare un percorso terapeutico &#8220;cucito su misura&#8221; per quel particolare paziente. Le sedute successive prevedono quindi la messa in atto di questo progetto terapeutico, che \u00e8 oggetto di costante valutazione ed eventuale modifica da parte del terapeuta.<\/p>\n<p>Nel mio percorso di formazione ho imparato a svolgere la <strong>psicoterapia con l&#8217;aiuto dell&#8217;ipnosi.<\/strong>&nbsp;Oggi la ritengo un valido metodo per facilitare ancora di pi\u00f9 quel processo di evoluzione personale di cui il paziente ha bisogno per uscire dal proprio stato di sofferenza. Se ti chiedi cos&#8217;\u00e8 l&#8217;ipnosi, <a href=\"http:\/\/www.delpin.pro\/index.php\/2018\/10\/19\/cose-lipnosi\/\">leggi qui<\/a>. \u00c8 possibile quindi scegliere di avvalersi di questo mezzo, che occuper\u00e0 una parte della seduta (in genere circa 30 minuti).<\/p>\n<p>Un&#8217;altra metodologia che impiego con soddisfazione nei miei trattamenti psicoterapeutici \u00e8 l&#8217;<strong>EMDR<\/strong> (<em>Eye Movement Desensitization and Reprocessing<\/em>), che utilizzo per aiutare i pazienti a rielaborare velocemente i traumi alla base della loro problematica attuale.<\/p>\n<h1>Si pu\u00f2 fare psicoterapia online?<\/h1>\n<p>A causa della pandemia di COVID-19, l&#8217;utilizzo delle sedute online si \u00e8 diffuso enormemente. La seduta tramite videochiamata \u00e8 una modalit\u00e0 con cui mi trovo a mio agio e tutti i pazienti con i quali ho lavorato online hanno avuto beneficio dalle sedute (nonostante qualche occasionale disguido tecnico!).<\/p>\n<p>Ovviamente \u00e8 necessario valutare accuratamente la della situazione del paziente per decidere se la psicoterapia si pu\u00f2 svolgere online o se \u00e8 opportuno farla in presenza. Ma, qualora vi siano tutti i presupposti per iniziare le sedute online, la psicoterapia si pu\u00f2 svolgere senza alcun problema.<\/p>\n<p style=\"text-align: center;\"><span style=\"color: #ff0000;\">Sei interessato ad un percorso di psicoterapia? Contattami!<\/span><\/p>\n<p style=\"text-align: center;\"><div class=\"wpforms-container wpforms-container-full\" id=\"wpforms-816\"><form id=\"wpforms-form-816\" class=\"wpforms-validate wpforms-form\" data-formid=\"816\" method=\"post\" enctype=\"multipart\/form-data\" action=\"\/index.php\/wp-json\/wp\/v2\/pages\/54\" data-token=\"c3d3188f6709a5d3524fa1967f7f9aa4\"><noscript class=\"wpforms-error-noscript\">Abilita JavaScript nel browser per completare questo modulo.<\/noscript><div class=\"wpforms-field-container\"><div id=\"wpforms-816-field_3-container\" class=\"wpforms-field wpforms-field-name\" data-field-id=\"3\"><label class=\"wpforms-field-label\" for=\"wpforms-816-field_3\">Nome <span class=\"wpforms-required-label\">*<\/span><\/label><input type=\"text\" id=\"wpforms-816-field_3\" class=\"wpforms-field-medium wpforms-field-required\" name=\"wpforms[fields][3]\" required><\/div><div id=\"wpforms-816-field_1-container\" class=\"wpforms-field wpforms-field-email\" data-field-id=\"1\"><label class=\"wpforms-field-label\" for=\"wpforms-816-field_1\">Email <span class=\"wpforms-required-label\">*<\/span><\/label><input type=\"email\" id=\"wpforms-816-field_1\" class=\"wpforms-field-medium wpforms-field-required\" name=\"wpforms[fields][1]\" spellcheck=\"false\" required><\/div><div id=\"wpforms-816-field_2-container\" class=\"wpforms-field wpforms-field-textarea\" data-field-id=\"2\"><label class=\"wpforms-field-label\" for=\"wpforms-816-field_2\">Messaggio <span class=\"wpforms-required-label\">*<\/span><\/label><textarea id=\"wpforms-816-field_2\" class=\"wpforms-field-medium wpforms-field-required\" name=\"wpforms[fields][2]\" required><\/textarea><\/div><div id=\"wpforms-816-field_5-container\" class=\"wpforms-field wpforms-field-checkbox\" data-field-id=\"5\"><label class=\"wpforms-field-label wpforms-label-hide\" for=\"wpforms-816-field_5\">Caselle di Spunta <span class=\"wpforms-required-label\">*<\/span><\/label><ul id=\"wpforms-816-field_5\" class=\"wpforms-field-required\"><li class=\"choice-1 depth-1\"><input type=\"checkbox\" id=\"wpforms-816-field_5_1\" name=\"wpforms[fields][5][]\" value=\"Autorizzo al trattamento dei dati (leggi la Privacy Policy sottostante)\" required ><label class=\"wpforms-field-label-inline\" for=\"wpforms-816-field_5_1\">Autorizzo al trattamento dei dati (leggi la Privacy Policy sottostante) <span class=\"wpforms-required-label\">*<\/span><\/label><\/li><\/ul><div class=\"wpforms-field-description wpforms-disclaimer-description\">Chi siamo.<br \/>\r\n<br \/>\r\nL'indirizzo del nostro sito web \u00e8: http:\/\/www.delpin.pro.<br \/>\r\n<br \/>\r\nQuali dati personali raccogliamo e perch\u00e9 li raccogliamo:<br \/>\r\n<br \/>\r\n-Commenti-<br \/>\r\n<br \/>\r\nQuando i visitatori lasciano commenti sul sito, raccogliamo i dati mostrati nel modulo dei commenti oltre all'indirizzo IP del visitatore e la stringa dello user agent del browser per facilitare il rilevamento dello spam.<br \/>\r\n<br \/>\r\nUna stringa anonimizzata creata a partire dal tuo indirizzo email (altrimenti detta hash) pu\u00f2 essere fornita al servizio Gravatar per vedere se lo stai usando. La privacy policy del servizio Gravatar \u00e8 disponibile qui: https:\/\/automattic.com\/privacy\/. Dopo l'approvazione del tuo commento, la tua immagine del profilo \u00e8 visibile al pubblico nel contesto del tuo commento.<br \/>\r\n<br \/>\r\n-Media-<br \/>\r\n<br \/>\r\nSe carichi immagini sul sito web, dovresti evitare di caricare immagini che includono i dati di posizione incorporati (EXIF GPS). I visitatori del sito web possono scaricare ed estrarre qualsiasi dato sulla posizione dalle immagini sul sito web.<br \/>\r\n<br \/>\r\n-Modulo di contatto-<br \/>\r\n<br \/>\r\nCookie.<br \/>\r\n<br \/>\r\nSe lasci un commento sul nostro sito, puoi scegliere di salvare il tuo nome, indirizzo email e sito web nei cookie. Sono usati per la tua comodit\u00e0 in modo che tu non debba inserire nuovamente i tuoi dati quando lasci un altro commento. Questi cookie dureranno per un anno.<br \/>\r\n<br \/>\r\nSe hai un account e accedi a questo sito, verr\u00e0 impostato un cookie temporaneo per determinare se il tuo browser accetta i cookie. Questo cookie non contiene dati personali e viene eliminato quando chiudi il browser.<br \/>\r\n<br \/>\r\nQuando effettui l'accesso, verranno impostati diversi cookie per salvare le tue informazioni di accesso e le tue opzioni di visualizzazione dello schermo. I cookie di accesso durano due giorni mentre i cookie per le opzioni dello schermo durano un anno. Se selezioni \"Ricordami\", il tuo accesso persister\u00e0 per due settimane. Se esci dal tuo account, i cookie di accesso verranno rimossi.<br \/>\r\n<br \/>\r\nSe modifichi o pubblichi un articolo, un cookie aggiuntivo verr\u00e0 salvato nel tuo browser. Questo cookie non include dati personali, ma indica semplicemente l'ID dell'articolo appena modificato. Scade dopo 1 giorno.<br \/>\r\n<br \/>\r\n-Contenuto incorporato da altri siti web-<br \/>\r\n<br \/>\r\nGli articoli su questo sito possono includere contenuti incorporati (ad esempio video, immagini, articoli, ecc.). I contenuti incorporati da altri siti web si comportano esattamente allo stesso modo come se il visitatore avesse visitato l'altro sito web.<br \/>\r\n<br \/>\r\nQuesti siti web possono raccogliere dati su di te, usare cookie, integrare ulteriori tracciamenti di terze parti e monitorare l'interazione con essi, incluso il tracciamento della tua interazione con il contenuto incorporato se hai un account e sei connesso a quei siti web.<br \/>\r\n<br \/>\r\n<br \/>\r\n<br \/>\r\n-Analytics-<br \/>\r\n<br \/>\r\nPer quanto tempo conserviamo i tuoi dati.<br \/>\r\n<br \/>\r\nSe lasci un commento, il commento e i relativi metadati vengono conservati a tempo indeterminato. \u00c8 cos\u00ec che possiamo riconoscere e approvare automaticamente eventuali commenti successivi invece di tenerli in una coda di moderazione.<br \/>\r\n<br \/>\r\nPer gli utenti che si registrano sul nostro sito web (se presenti), memorizziamo anche le informazioni personali che forniscono nel loro profilo utente. Tutti gli utenti possono vedere, modificare o cancellare le loro informazioni personali in qualsiasi momento (eccetto il loro nome utente che non possono cambiare). Gli amministratori del sito web possono anche vedere e modificare queste informazioni.<br \/>\r\n<br \/>\r\n-Quali diritti hai sui tuoi dati-<br \/>\r\n<br \/>\r\nSe hai un account su questo sito, o hai lasciato commenti, puoi richiedere di ricevere un file esportato dal sito con i dati personali che abbiamo su di te, compresi i dati che ci hai fornito. Puoi anche richiedere che cancelliamo tutti i dati personali che ti riguardano. Questo non include i dati che siamo obbligati a conservare per scopi amministrativi, legali o di sicurezza.<br \/>\r\n<br \/>\r\n-Dove spediamo i tuoi dati-<br \/>\r\n<br \/>\r\nI commenti dei visitatori possono essere controllati attraverso un servizio di rilevamento automatico dello spam.<br \/>\r\n<br \/>\r\n-Informazioni di contatto-<br \/>\r\n<br \/>\r\nPer problemi riguardanti la privacy scrivere a anna@delpin.pro.<br \/>\r\n<\/div><\/div><\/div><!-- .wpforms-field-container --><div class=\"wpforms-field wpforms-field-hp\"><label for=\"wpforms-816-field-hp\" class=\"wpforms-field-label\">Comment<\/label><input type=\"text\" name=\"wpforms[hp]\" id=\"wpforms-816-field-hp\" class=\"wpforms-field-medium\"><\/div><div class=\"wpforms-recaptcha-container wpforms-is-recaptcha\" ><div class=\"g-recaptcha\" data-sitekey=\"6LcGDqMZAAAAABWBt9tOrsy_FMFabrSoQooU28rg\" data-size=\"invisible\"><\/div><\/div><div class=\"wpforms-submit-container\" ><input type=\"hidden\" name=\"wpforms[id]\" value=\"816\"><input type=\"hidden\" name=\"wpforms[author]\" value=\"1\"><button type=\"submit\" name=\"wpforms[submit]\" id=\"wpforms-submit-816\" class=\"wpforms-submit\" data-alt-text=\"Invio in corso...\" data-submit-text=\"Invia\" aria-live=\"assertive\" value=\"wpforms-submit\">Invia<\/button><\/div><\/form><\/div>  <!-- .wpforms-container --><\/p>\n","protected":false},"excerpt":{"rendered":"<p>&#8220;La psicoterapia ha luogo l\u00e0 dove si sovrappongono due aree di gioco, quella del paziente e quella del terapeuta. La psicoterapia ha a che fare con due persone che giocano insieme.\u201d DONALD WOODS WINNICOTT<\/p>\n","protected":false},"author":1,"featured_media":1138,"parent":34,"menu_order":0,"comment_status":"closed","ping_status":"closed","template":"","meta":{"_monsterinsights_skip_tracking":false,"_monsterinsights_sitenote_active":false,"_monsterinsights_sitenote_note":"","_monsterinsights_sitenote_category":0,"footnotes":""},"class_list":["post-54","page","type-page","status-publish","has-post-thumbnail","hentry"],"_links":{"self":[{"href":"https:\/\/www.delpin.pro\/index.php\/wp-json\/wp\/v2\/pages\/54","targetHints":{"allow":["GET"]}}],"collection":[{"href":"https:\/\/www.delpin.pro\/index.php\/wp-json\/wp\/v2\/pages"}],"about":[{"href":"https:\/\/www.delpin.pro\/index.php\/wp-json\/wp\/v2\/types\/page"}],"author":[{"embeddable":true,"href":"https:\/\/www.delpin.pro\/index.php\/wp-json\/wp\/v2\/users\/1"}],"replies":[{"embeddable":true,"href":"https:\/\/www.delpin.pro\/index.php\/wp-json\/wp\/v2\/comments?post=54"}],"version-history":[{"count":17,"href":"https:\/\/www.delpin.pro\/index.php\/wp-json\/wp\/v2\/pages\/54\/revisions"}],"predecessor-version":[{"id":1211,"href":"https:\/\/www.delpin.pro\/index.php\/wp-json\/wp\/v2\/pages\/54\/revisions\/1211"}],"up":[{"embeddable":true,"href":"https:\/\/www.delpin.pro\/index.php\/wp-json\/wp\/v2\/pages\/34"}],"wp:featuredmedia":[{"embeddable":true,"href":"https:\/\/www.delpin.pro\/index.php\/wp-json\/wp\/v2\/media\/1138"}],"wp:attachment":[{"href":"https:\/\/www.delpin.pro\/index.php\/wp-json\/wp\/v2\/media?parent=54"}],"curies":[{"name":"wp","href":"https:\/\/api.w.org\/{rel}","templated":true}]}}